{"id":56,"date":"2019-11-18T17:10:46","date_gmt":"2019-11-18T16:10:46","guid":{"rendered":"http:\/\/m1klasse.home.blog\/?page_id=56"},"modified":"2019-11-18T17:10:46","modified_gmt":"2019-11-18T16:10:46","slug":"infos","status":"publish","type":"page","link":"https:\/\/neuesausderm1.xyz\/?page_id=56","title":{"rendered":"INFOS"},"content":{"rendered":"\n<p>Hier erhaltet ihr Informationen \u00fcber wichtige Termine, etc.<\/p>\n\n\n<p class=\"has-medium-font-size\">Am 27.11. findet der Verkauf unserer selbstgemachten Kleinigkeiten beim diesj\u00e4hrigen Wunschpunsch statt.<br>Verkauft wird ab 15:00 im Erdgescho\u00df! <\/p>\n","protected":false},"excerpt":{"rendered":"<p>Hier erhaltet ihr Informationen \u00fcber wichtige Termine, etc. Am 27.11. findet der Verkauf unserer selbstgemachten Kleinigkeiten beim diesj\u00e4hrigen Wunschpunsch statt.Verkauft wird ab 15:00 im Erdgescho\u00df!<\/p>\n","protected":false},"author":2,"featured_media":0,"parent":0,"menu_order":0,"comment_status":"closed","ping_status":"closed","template":"","meta":{"footnotes":""},"class_list":["post-56","page","type-page","status-publish","hentry","entry"],"_links":{"self":[{"href":"https:\/\/neuesausderm1.xyz\/index.php?rest_route=\/wp\/v2\/pages\/56","targetHints":{"allow":["GET"]}}],"collection":[{"href":"https:\/\/neuesausderm1.xyz\/index.php?rest_route=\/wp\/v2\/pages"}],"about":[{"href":"https:\/\/neuesausderm1.xyz\/index.php?rest_route=\/wp\/v2\/types\/page"}],"author":[{"embeddable":true,"href":"https:\/\/neuesausderm1.xyz\/index.php?rest_route=\/wp\/v2\/users\/2"}],"replies":[{"embeddable":true,"href":"https:\/\/neuesausderm1.xyz\/index.php?rest_route=%2Fwp%2Fv2%2Fcomments&post=56"}],"version-history":[{"count":0,"href":"https:\/\/neuesausderm1.xyz\/index.php?rest_route=\/wp\/v2\/pages\/56\/revisions"}],"wp:attachment":[{"href":"https:\/\/neuesausderm1.xyz\/index.php?rest_route=%2Fwp%2Fv2%2Fmedia&parent=56"}],"curies":[{"name":"wp","href":"https:\/\/api.w.org\/{rel}","templated":true}]}}